{"id":102,"date":"2017-10-11T12:25:31","date_gmt":"2017-10-11T10:25:31","guid":{"rendered":"http:\/\/sictom-msq.fr\/?page_id=102"},"modified":"2021-01-04T15:14:51","modified_gmt":"2021-01-04T14:14:51","slug":"reduire-mes-dechets","status":"publish","type":"page","link":"https:\/\/sictom-msq.fr\/index.php\/reduire-mes-dechets\/","title":{"rendered":"R\u00e9duire mes d\u00e9chets"},"content":{"rendered":"\r\n<p id=\"block-cb1bf7ec-2d6f-4552-b30d-de6e795fd679\" class=\"has-normal-font-size\">Pour obtenir des informations sur les <strong>consignes de tri<\/strong> \u2192 cliquez<strong> <a href=\"https:\/\/sictom-msq.fr\/index.php\/reduire-mes-dechets\/tri-selectif\/\">ici<\/a><\/strong><\/p>\r\n\r\n\r\n\r\n<p id=\"block-2d801a1d-b892-42e6-88f1-d80b06d13984\" class=\"has-normal-font-size\">Pour obtenir des informations sur le <strong>compostage<\/strong> \u2192 cliquez<strong> <a href=\"https:\/\/sictom-msq.fr\/index.php\/reduire-mes-dechets\/compostage\/\">ici<\/a><\/strong><\/p>\r\n\r\n\r\n\r\n<h3 id=\"block-e513ac40-6bdf-4929-bc65-85aaf3ef1003\" class=\"has-luminous-vivid-orange-color has-text-color has-medium-font-size\"><strong><span style=\"color: #ff9900;\"><em>Liens utiles<\/em><\/span><\/strong><\/h3>\r\n\r\n\r\n\r\n<p id=\"block-28650ee0-d6f5-4691-aacb-6f8d66da983c\" class=\"has-normal-font-size\"><a href=\"https:\/\/sictom-msq.fr\/wp-content\/uploads\/2020\/10\/logo-syded-e1603273926433.png\"><img loading=\"lazy\" decoding=\"async\" class=\"size-full wp-image-811 alignleft\" src=\"https:\/\/sictom-msq.fr\/wp-content\/uploads\/2020\/10\/logo-syded-e1603273926433.png\" alt=\"\" width=\"173\" height=\"100\" \/><\/a>Sur le site du <strong>SYDED du Lot<\/strong>, rubrique \u00ab\u00a0D\u00e9chets\u00a0\u00bb, vous trouverez de nombreuses informations et id\u00e9es pour continuer \u00e0 r\u00e9duire vos d\u00e9chets (consignes de tri, compostage, recette antigaspi, \u2026) \u2192 <a href=\"https:\/\/www.syded-lot.fr\/\" target=\"_blank\" rel=\"noreferrer noopener\">Cliquez ici<\/a><\/p>\r\n<p class=\"has-normal-font-size\">Pour consulter le dernier bilan sur les d\u00e9chets dans le Lot <a href=\"https:\/\/sictom-msq.fr\/wp-content\/uploads\/2020\/10\/rapport_2018_-_dechets-1.pdf\" target=\"_blank\" rel=\"noopener noreferrer\">cliquez ici<\/a><\/p>\r\n\r\n\r\n\r\n<p>&nbsp;<\/p>\r\n<p id=\"block-c76c0940-0680-486c-a230-3a2970d150bd\" class=\"has-normal-font-size\"><a href=\"https:\/\/sictom-msq.fr\/wp-content\/uploads\/2020\/10\/logo-ademe-e1603273986341.png\"><img loading=\"lazy\" decoding=\"async\" class=\"size-full wp-image-810 alignleft\" src=\"https:\/\/sictom-msq.fr\/wp-content\/uploads\/2020\/10\/logo-ademe-e1603273986341.png\" alt=\"\" width=\"95\" height=\"100\" \/><\/a><\/p>\r\n<p class=\"has-normal-font-size\">Le site de <strong>l&rsquo;ADEME<\/strong> regorge \u00e9galement d&rsquo;astuces et conseils sur le th\u00e8me des d\u00e9chets \u2192 <a href=\"https:\/\/agirpourlatransition.ademe.fr\/particuliers\/maison\/dechets\" target=\"_blank\" rel=\"noreferrer noopener\">Cliquez ici<\/a><\/p>\r\n\r\n\r\n\r\n<p>&nbsp;<\/p>\r\n<h3 class=\"has-luminous-vivid-orange-color has-text-color has-medium-font-size\"><strong><span style=\"color: #ff9900;\"><em>Le Site de CITEO<\/em><\/span><\/strong><\/h3>\r\n\r\n\r\n\r\n<p class=\"has-normal-font-size\">D\u00e9couvrez le parcours d&rsquo;un emballage tri\u00e9 gr\u00e2ce \u00e0 cette <a href=\"https:\/\/www.youtube.com\/watch?v=hgFLuv9mpVg\" target=\"_blank\" rel=\"noreferrer noopener\">vid\u00e9o<\/a> !<\/p>\r\n\r\n\r\n\r\n<p class=\"has-normal-font-size\">Pour savoir o\u00f9 jeter nos d\u00e9chets, peu importe o\u00f9 vous \u00eates (les consignes de tri n&rsquo;\u00e9tant pas les m\u00eames partout en France), utilisez le site <a href=\"https:\/\/www.consignesdetri.fr\/\" target=\"_blank\" rel=\"noreferrer noopener\">Le guide du tri<\/a><\/p>\r\n\r\n\r\n\r\n<p class=\"has-normal-font-size\">Pensez aussi \u00e0 t\u00e9l\u00e9charger <strong>l&rsquo;application \u00ab\u00a0Le guide tri\u00a0\u00bb<\/strong> sur votre smartphone ! (Disponible sur l&rsquo;App store, Google Play, Windows store)<\/p>\r\n<p><img loading=\"lazy\" decoding=\"async\" class=\"wp-image-780 aligncenter\" src=\"https:\/\/sictom-msq.fr\/wp-content\/uploads\/2020\/10\/citeo-1-edited.png\" alt=\"\" width=\"280\" height=\"154\" srcset=\"https:\/\/sictom-msq.fr\/wp-content\/uploads\/2020\/10\/citeo-1-edited.png 360w, https:\/\/sictom-msq.fr\/wp-content\/uploads\/2020\/10\/citeo-1-edited-300x165.png 300w\" sizes=\"(max-width: 280px) 100vw, 280px\" \/><\/p>\r\n\r\n\r\n\r\n\r\n\r\n<p>&nbsp;<\/p>\r\n","protected":false},"excerpt":{"rendered":"<p>Pour obtenir des informations sur les consignes de tri \u2192 cliquez ici Pour obtenir des informations sur le compostage \u2192 cliquez ici Liens utiles Sur le site du SYDED du Lot, rubrique \u00ab\u00a0D\u00e9chets\u00a0\u00bb, vous trouverez de nombreuses informations et id\u00e9es<\/p>\n","protected":false},"author":1,"featured_media":0,"parent":0,"menu_order":0,"comment_status":"closed","ping_status":"closed","template":"","meta":{"footnotes":""},"_links":{"self":[{"href":"https:\/\/sictom-msq.fr\/index.php\/wp-json\/wp\/v2\/pages\/102"}],"collection":[{"href":"https:\/\/sictom-msq.fr\/index.php\/wp-json\/wp\/v2\/pages"}],"about":[{"href":"https:\/\/sictom-msq.fr\/index.php\/wp-json\/wp\/v2\/types\/page"}],"author":[{"embeddable":true,"href":"https:\/\/sictom-msq.fr\/index.php\/wp-json\/wp\/v2\/users\/1"}],"replies":[{"embeddable":true,"href":"https:\/\/sictom-msq.fr\/index.php\/wp-json\/wp\/v2\/comments?post=102"}],"version-history":[{"count":30,"href":"https:\/\/sictom-msq.fr\/index.php\/wp-json\/wp\/v2\/pages\/102\/revisions"}],"predecessor-version":[{"id":929,"href":"https:\/\/sictom-msq.fr\/index.php\/wp-json\/wp\/v2\/pages\/102\/revisions\/929"}],"wp:attachment":[{"href":"https:\/\/sictom-msq.fr\/index.php\/wp-json\/wp\/v2\/media?parent=102"}],"curies":[{"name":"wp","href":"https:\/\/api.w.org\/{rel}","templated":true}]}}