{"id":1228,"date":"2021-09-16T16:37:46","date_gmt":"2021-09-16T14:37:46","guid":{"rendered":"https:\/\/sictom-msq.fr\/?page_id=1228"},"modified":"2021-09-16T16:52:28","modified_gmt":"2021-09-16T14:52:28","slug":"la-baisse-du-volume-des-dechets-menagers-est-un-enjeu-crucial","status":"publish","type":"page","link":"https:\/\/sictom-msq.fr\/index.php\/la-baisse-du-volume-des-dechets-menagers-est-un-enjeu-crucial\/","title":{"rendered":"\u00ab\u00a0La baisse du volume des d\u00e9chets m\u00e9nagers est un enjeu crucial\u00a0\u00bb"},"content":{"rendered":"\n<p class=\"has-text-align-center\">Source : MEDIALOT (10 f\u00e9vrier 2021)<\/p>\n\n\n\n<figure class=\"wp-block-image size-large is-resized\"><img loading=\"lazy\" decoding=\"async\" src=\"https:\/\/sictom-msq.fr\/wp-content\/uploads\/2021\/09\/2020_JL-BERGOUGNOUX.jpg\" alt=\"\" class=\"wp-image-1230\" width=\"1216\" height=\"914\" srcset=\"https:\/\/sictom-msq.fr\/wp-content\/uploads\/2021\/09\/2020_JL-BERGOUGNOUX.jpg 658w, https:\/\/sictom-msq.fr\/wp-content\/uploads\/2021\/09\/2020_JL-BERGOUGNOUX-300x225.jpg 300w\" sizes=\"(max-width: 1216px) 100vw, 1216px\" \/><\/figure>\n\n\n\n<p>Au niveau du Lot, le SYDED g\u00e8re une grande partie des d\u00e9chets m\u00e9nagers et assimil\u00e9s du territoire. Il regroupe en son sein 6 collectivit\u00e9s de collecte des d\u00e9chets dont le SICTOM des Marches du Sud Quercy.<\/p>\n\n\n\n<p><span class=\"has-inline-color has-black-color\">Bas\u00e9 \u00e0 Castelnau Montratier, ce syndicat rayonne sur deux communaut\u00e9s de communes (la Communaut\u00e9 de communes du Quercy Blanc et la Communaut\u00e9 de communes du Pays de Lalbenque-Limogne) compos\u00e9es de\u00a033 communes (16 500 habitants). Sa comp\u00e9tence principale est d\u2019assurer la collecte de tous les d\u00e9chets. En moyenne sur l\u2019ann\u00e9e la collecte des ordures m\u00e9nag\u00e8res s\u2019\u00e9l\u00e8ve \u00e0 2 800 tonnes et 1 500 tonnes en recyclable. Le recyclable est dirig\u00e9 vers le SYDED situ\u00e9 \u00e0 Catus (centre de tri) et les ordures m\u00e9nag\u00e8res sont enfouies sur un site \u00e0 Montech (82).<\/span><\/p>\n\n\n\n<p><span class=\"has-inline-color has-black-color\">\u00ab\u00a0L\u2019enfouissement des ordures m\u00e9nag\u00e8res co\u00fbte tr\u00e8s cher. En 2020, il fallait compter environ 157 euros HT la tonne. Pour 2021, le co\u00fbt du traitement s\u2019\u00e9l\u00e8vera \u00e0 171 euros HT la tonne. Cette situation ne va pas s\u2019am\u00e9liorer. M\u00eame si \u00e0 ce jour le budget de fonctionnement, environ 2 millions d\u2019euros, n\u2019est pas d\u00e9ficitaire puisque les recettes couvrent toutes les d\u00e9penses. L\u2019augmentation de ce co\u00fbt du traitement est due en grande partie \u00e0 la hausse de la TGAP (taxe sur les activit\u00e9s polluantes) et celle-ci va encore augmenter dans l\u2019avenir. C\u2019est pour cette raison que la baisse du volume des d\u00e9chets m\u00e9nagers est un enjeu crucial\u00a0!\u00a0\u00bb souligne Jean-Louis Bergougnoux, le pr\u00e9sident.<\/span><\/p>\n\n\n\n<p><span class=\"has-inline-color has-black-color\">Le parc automobile du SICTOM comprend 5 v\u00e9hicules de collecte. Le syndicat pr\u00e9voit cette ann\u00e9e de renouveler un camion avec son \u00e9quipement complet pour un montant de 177 000 euros. Les incivilit\u00e9s, sur les sites collectifs, relev\u00e9es soit par les agents techniques ou des particuliers exc\u00e9d\u00e9s par le non-respect de certains, ne sont pas, fort heureusement, une pratique si courante.<\/span><\/p>\n\n\n\n<p><span class=\"has-inline-color has-black-color\">Jean-Louis Bergougnoux pr\u00e9cise : \u00ab\u00a0Au niveau de l\u2019effort de tri, notre syndicat a des r\u00e9sultats corrects par rapport aux autres collectivit\u00e9s du d\u00e9partement, c\u2019est encourageant et il faut continuer \u00e0 \u0153uvrer dans ce sens mais rien n\u2019est acquis et les efforts doivent se poursuivre quant \u00e0 la responsabilisation et \u00e0 la pr\u00e9servation de l\u2019environnement.\u00a0\u00bb<\/span><\/p>\n\n\n\n<h3 class=\"has-text-align-right wp-block-heading\"><sup>Marie-Fran\u00e7oise PLAGES<\/sup><\/h3>\n\n\n\n<p><\/p>\n","protected":false},"excerpt":{"rendered":"<p>Source : MEDIALOT (10 f\u00e9vrier 2021) Au niveau du Lot, le SYDED g\u00e8re une grande partie des d\u00e9chets m\u00e9nagers et assimil\u00e9s du territoire. Il regroupe en son sein 6 collectivit\u00e9s de collecte des d\u00e9chets dont le SICTOM des Marches du<\/p>\n","protected":false},"author":1,"featured_media":0,"parent":0,"menu_order":0,"comment_status":"closed","ping_status":"closed","template":"","meta":{"footnotes":""},"_links":{"self":[{"href":"https:\/\/sictom-msq.fr\/index.php\/wp-json\/wp\/v2\/pages\/1228"}],"collection":[{"href":"https:\/\/sictom-msq.fr\/index.php\/wp-json\/wp\/v2\/pages"}],"about":[{"href":"https:\/\/sictom-msq.fr\/index.php\/wp-json\/wp\/v2\/types\/page"}],"author":[{"embeddable":true,"href":"https:\/\/sictom-msq.fr\/index.php\/wp-json\/wp\/v2\/users\/1"}],"replies":[{"embeddable":true,"href":"https:\/\/sictom-msq.fr\/index.php\/wp-json\/wp\/v2\/comments?post=1228"}],"version-history":[{"count":4,"href":"https:\/\/sictom-msq.fr\/index.php\/wp-json\/wp\/v2\/pages\/1228\/revisions"}],"predecessor-version":[{"id":1241,"href":"https:\/\/sictom-msq.fr\/index.php\/wp-json\/wp\/v2\/pages\/1228\/revisions\/1241"}],"wp:attachment":[{"href":"https:\/\/sictom-msq.fr\/index.php\/wp-json\/wp\/v2\/media?parent=1228"}],"curies":[{"name":"wp","href":"https:\/\/api.w.org\/{rel}","templated":true}]}}