{"id":1235,"date":"2021-09-16T16:49:30","date_gmt":"2021-09-16T14:49:30","guid":{"rendered":"https:\/\/sictom-msq.fr\/?page_id=1235"},"modified":"2021-09-16T16:52:58","modified_gmt":"2021-09-16T14:52:58","slug":"jean-louis-bergougnoux-reelu-president-du-syndicat-de-collecte-et-de-traitement-des-dechets-menagers","status":"publish","type":"page","link":"https:\/\/sictom-msq.fr\/index.php\/jean-louis-bergougnoux-reelu-president-du-syndicat-de-collecte-et-de-traitement-des-dechets-menagers\/","title":{"rendered":"\u00ab\u00a0Jean-Louis Bergougnoux r\u00e9\u00e9lu pr\u00e9sident du syndicat de collecte et de traitement des d\u00e9chets m\u00e9nagers\u00a0\u00bb"},"content":{"rendered":"\n<p class=\"has-text-align-center\">Source : MEDIALOT (4 ao\u00fbt 2020)<\/p>\n\n\n\n<figure class=\"wp-block-image size-large is-resized\"><img loading=\"lazy\" decoding=\"async\" src=\"https:\/\/sictom-msq.fr\/wp-content\/uploads\/2021\/09\/2020a_JL-BERGOUGNOUX.jpg\" alt=\"\" class=\"wp-image-1237\" width=\"1215\" height=\"983\" srcset=\"https:\/\/sictom-msq.fr\/wp-content\/uploads\/2021\/09\/2020a_JL-BERGOUGNOUX.jpg 535w, https:\/\/sictom-msq.fr\/wp-content\/uploads\/2021\/09\/2020a_JL-BERGOUGNOUX-300x243.jpg 300w\" sizes=\"(max-width: 1215px) 100vw, 1215px\" \/><\/figure>\n\n\n\n<p><span class=\"has-inline-color has-black-color\">Ce vendredi 31 juillet 2020, se sont r\u00e9unis \u00e0 Castelnau Montratier-Sainte Alauzie les d\u00e9l\u00e9gu\u00e9s titulaires et suppl\u00e9ants d\u00e9sign\u00e9s par les 2 Communaut\u00e9s de communes adh\u00e9rentes (Pays de Lalbenque-Limogne, 23 communes ; et Quercy Blanc 10 communes ; population 16485 habitants) du SICTOM Marches du Sud Quercy. Le moment \u00e9tait venu de proc\u00e9der \u00e0 l\u2019\u00e9lection du pr\u00e9sident du syndicat mixte de collecte et de traitement des d\u00e9chets m\u00e9nagers.<\/span><\/p>\n\n\n\n<p><span class=\"has-inline-color has-black-color\">Comme le veut le r\u00e8glement, cette r\u00e9union a \u00e9t\u00e9 plac\u00e9e sous la pr\u00e9sidence de la doyenne de l\u2019assembl\u00e9e, Monique Dujarric de La Garde, qui a fait l\u2019appel pour respect des r\u00e8gles de quorum. Puis, elle a demand\u00e9 qui se portait candidat \u00e0 la pr\u00e9sidence. Un seul candidat a lev\u00e9 la main, Jean-Louis Bergougnoux, pr\u00e9sident sortant, 66 ans, \u00e9lu \u00e0 l\u2019Hospitalet (1er adjoint) depuis 30 ans et \u00e9lu au SICTOM MSQ depuis 18 ans. Il a \u00e9t\u00e9 largement r\u00e9\u00e9lu avec 25 voix sur 26 votants (1 bulletin blanc).<\/span><\/p>\n\n\n\n<p><span class=\"has-inline-color has-black-color\">Dans les m\u00eames conditions 4 vices-pr\u00e9sident(e)s ont \u00e9t\u00e9 \u00e9lu(e)s et 8 membres suppl\u00e9mentaires pour former le bureau du SICTOM : 1\u00e8re&nbsp;vice-pr\u00e9sidente, Marie-Jos\u00e9 Sabel (Quercy Blanc) ; 2\u00e8me vice-pr\u00e9sident, Francis Cammas (Pays de Lalbenque Limogne) ; 3\u00e8me vice-pr\u00e9sident, R\u00e9mi Dupont (Quercy Blanc) ; 4\u00e8me vice-pr\u00e9sident, Beno\u00eet Conte (Pays de Lalbenque Limogne). Membres suppl\u00e9mentaires bureau :Yves Marlas, Monique Dujarric de La Garde, S\u00e9bastien Cauzit, Mich\u00e8le Faisant, S\u00e9bastien Colonges, Guy Boisset, Jean-Marc Cavaill\u00e9, Marion Villette.<\/span><\/p>\n\n\n\n<p><span class=\"has-inline-color has-black-color\">Il a \u00e9t\u00e9 proc\u00e9d\u00e9 par la suite \u00e0 la d\u00e9signation des d\u00e9l\u00e9gu\u00e9(e)s qui si\u00e8geront \u00e0 la commission tarification incitative, \u00e0 la commission d\u2019appel d\u2019offres et aux organismes ext\u00e9rieurs (SYDED du Lot, CNAS). Cette r\u00e9union s\u2019est termin\u00e9e par des questions diverses dont la mise en place de la redevance incitative qui sera un projet majeur de cette nouvelle mandature.<\/span><\/p>\n\n\n\n<p><span class=\"has-inline-color has-black-color\"> Le SICTOM Marches du Sud Quercy a \u00e9t\u00e9&nbsp;cr\u00e9\u00e9 en octobre 1983 dans le but d\u2019avoir une structure d\u00e9di\u00e9e \u00e0 la collecte et au traitement des d\u00e9chets m\u00e9nagers (territoire pertinent) mais \u00e9galement pour la ma\u00eetrise des co\u00fbts (\u00e9conomies d\u2019\u00e9chelle). La comp\u00e9tence traitement a \u00e9t\u00e9 transf\u00e9r\u00e9e au SYDED du Lot en 1995. Les d\u00e9chets journaliers collect\u00e9s sur les 2 Communaut\u00e9s de communes adh\u00e9rentes sont transport\u00e9s dans 4 bennes au quai de transfert de Castelnau Montratier-Sainte Alauzie, le recyclable est pris en charge et trait\u00e9 au centre de tri de Catus, les ordures m\u00e9nag\u00e8res partent en enfouissement \u00e0 Montech.<\/span><\/p>\n\n\n\n<p><span class=\"has-inline-color has-black-color\">L\u2019effectif du SICTOM est de 14 agents permanents et environ 10 saisonniers embauch\u00e9s en p\u00e9riode estivale. Environ 158 000 km sont ainsi parcourus chaque ann\u00e9e pour 2818 tonnes d\u2019ordures m\u00e9nag\u00e8res et 1444 tonnes de recyclables r\u00e9colt\u00e9es.<\/span><\/p>\n\n\n\n<p class=\"has-text-align-right\"><sup>Thibaut SOUPERBIE<\/sup><\/p>\n","protected":false},"excerpt":{"rendered":"<p>Source : MEDIALOT (4 ao\u00fbt 2020) Ce vendredi 31 juillet 2020, se sont r\u00e9unis \u00e0 Castelnau Montratier-Sainte Alauzie les d\u00e9l\u00e9gu\u00e9s titulaires et suppl\u00e9ants d\u00e9sign\u00e9s par les 2 Communaut\u00e9s de communes adh\u00e9rentes (Pays de Lalbenque-Limogne, 23 communes ; et Quercy Blanc<\/p>\n","protected":false},"author":1,"featured_media":0,"parent":0,"menu_order":0,"comment_status":"closed","ping_status":"closed","template":"","meta":{"footnotes":""},"_links":{"self":[{"href":"https:\/\/sictom-msq.fr\/index.php\/wp-json\/wp\/v2\/pages\/1235"}],"collection":[{"href":"https:\/\/sictom-msq.fr\/index.php\/wp-json\/wp\/v2\/pages"}],"about":[{"href":"https:\/\/sictom-msq.fr\/index.php\/wp-json\/wp\/v2\/types\/page"}],"author":[{"embeddable":true,"href":"https:\/\/sictom-msq.fr\/index.php\/wp-json\/wp\/v2\/users\/1"}],"replies":[{"embeddable":true,"href":"https:\/\/sictom-msq.fr\/index.php\/wp-json\/wp\/v2\/comments?post=1235"}],"version-history":[{"count":3,"href":"https:\/\/sictom-msq.fr\/index.php\/wp-json\/wp\/v2\/pages\/1235\/revisions"}],"predecessor-version":[{"id":1242,"href":"https:\/\/sictom-msq.fr\/index.php\/wp-json\/wp\/v2\/pages\/1235\/revisions\/1242"}],"wp:attachment":[{"href":"https:\/\/sictom-msq.fr\/index.php\/wp-json\/wp\/v2\/media?parent=1235"}],"curies":[{"name":"wp","href":"https:\/\/api.w.org\/{rel}","templated":true}]}}