{"id":1243,"date":"2021-09-16T16:58:43","date_gmt":"2021-09-16T14:58:43","guid":{"rendered":"https:\/\/sictom-msq.fr\/?page_id=1243"},"modified":"2021-09-16T17:05:16","modified_gmt":"2021-09-16T15:05:16","slug":"le-syndicat-de-collecte-des-dechets-denonce-les-incivilites","status":"publish","type":"page","link":"https:\/\/sictom-msq.fr\/index.php\/le-syndicat-de-collecte-des-dechets-denonce-les-incivilites\/","title":{"rendered":"\u00ab\u00a0Le syndicat de collecte des d\u00e9chets d\u00e9nonce les incivilit\u00e9s\u00a0\u00bb"},"content":{"rendered":"\n<p class=\"has-text-align-center\">Source : MEDIALOT (2 avril 2020)<\/p>\n\n\n\n<figure class=\"wp-block-image size-large is-resized\"><img loading=\"lazy\" decoding=\"async\" src=\"https:\/\/sictom-msq.fr\/wp-content\/uploads\/2021\/09\/Dechets-Incivilite.jpg\" alt=\"\" class=\"wp-image-1245\" width=\"1214\" height=\"905\" srcset=\"https:\/\/sictom-msq.fr\/wp-content\/uploads\/2021\/09\/Dechets-Incivilite.jpg 658w, https:\/\/sictom-msq.fr\/wp-content\/uploads\/2021\/09\/Dechets-Incivilite-300x224.jpg 300w\" sizes=\"(max-width: 1214px) 100vw, 1214px\" \/><\/figure>\n\n\n\n<p><span class=\"has-inline-color has-black-color\">Le SICTOM des Marches du Sud Quercy, syndicat de collecte regroupant les Communaut\u00e9s de communes de Lalbenque-Limogne et du Quercy Blanc, communique : \u00ab&nbsp; Dans ce contexte de crise \u00e9pid\u00e9miologique difficile pour tout le monde, le SICTOM souhaite faire un point sur la collecte des d\u00e9chets sur son territoire. Depuis le d\u00e9but du confinement le service de collecte a maintenu ses tourn\u00e9es habituelles pour les d\u00e9chets recyclables et les ordures m\u00e9nag\u00e8res et ce malgr\u00e9 la fermeture du centre de tri du SYDED (\u00e0 Catus). 8 agents de collecte sortent tous les jours pour assurer le service. Cependant, des incivilit\u00e9s inadmissibles subsistent et nous sont transmises au quotidien par nos agents de collecte ! Parmi celles-ci quelques exemples concrets, des pi\u00e8ces de ferraille auto retrouv\u00e9es dans des conteneurs, des gants jetables, des masques et v\u00eatements, des encombrants retrouv\u00e9s aux pieds des conteneurs, etc. Des enqu\u00eates sont en cours et ce genre de comportement sera p\u00e9nalis\u00e9 par des amendes. Ces encombrants ne pouvant \u00eatre amen\u00e9s actuellement en d\u00e9chetterie, il vous est recommand\u00e9 de les conserver chez vous le temps du confinement et de les amener en d\u00e9chetteries quand celles-ci rouvriront. Les services du SICTOM demandent \u00e0 chacun de faire preuve de civisme et de respecter les consignes de tri. Mais aussi et surtout de penser aux agents de collecte qui sont sur le terrain pour assurer le service et qui sont bien conscients qu\u2019il est n\u00e9cessaire de continuer \u00e0 collecter les d\u00e9chets pour la salubrit\u00e9 publique. Ce personnel, dont on ne parle pas assez, doit \u00eatre reconnu et encourag\u00e9. Nous devons les soutenir dans cette p\u00e9riode difficile et nous les remercions pour leur engagement au quotidien ! \u00bb<\/span><\/p>\n\n\n\n<p class=\"has-text-align-right\"><sup>Thibaut SOUPERBIE<\/sup><\/p>\n","protected":false},"excerpt":{"rendered":"<p>Source : MEDIALOT (2 avril 2020) Le SICTOM des Marches du Sud Quercy, syndicat de collecte regroupant les Communaut\u00e9s de communes de Lalbenque-Limogne et du Quercy Blanc, communique : \u00ab&nbsp; Dans ce contexte de crise \u00e9pid\u00e9miologique difficile pour tout le<\/p>\n","protected":false},"author":1,"featured_media":0,"parent":0,"menu_order":0,"comment_status":"closed","ping_status":"closed","template":"","meta":{"footnotes":""},"_links":{"self":[{"href":"https:\/\/sictom-msq.fr\/index.php\/wp-json\/wp\/v2\/pages\/1243"}],"collection":[{"href":"https:\/\/sictom-msq.fr\/index.php\/wp-json\/wp\/v2\/pages"}],"about":[{"href":"https:\/\/sictom-msq.fr\/index.php\/wp-json\/wp\/v2\/types\/page"}],"author":[{"embeddable":true,"href":"https:\/\/sictom-msq.fr\/index.php\/wp-json\/wp\/v2\/users\/1"}],"replies":[{"embeddable":true,"href":"https:\/\/sictom-msq.fr\/index.php\/wp-json\/wp\/v2\/comments?post=1243"}],"version-history":[{"count":3,"href":"https:\/\/sictom-msq.fr\/index.php\/wp-json\/wp\/v2\/pages\/1243\/revisions"}],"predecessor-version":[{"id":1248,"href":"https:\/\/sictom-msq.fr\/index.php\/wp-json\/wp\/v2\/pages\/1243\/revisions\/1248"}],"wp:attachment":[{"href":"https:\/\/sictom-msq.fr\/index.php\/wp-json\/wp\/v2\/media?parent=1243"}],"curies":[{"name":"wp","href":"https:\/\/api.w.org\/{rel}","templated":true}]}}