{"id":166,"date":"2019-02-20T09:24:24","date_gmt":"2019-02-20T08:24:24","guid":{"rendered":"http:\/\/sictom-msq.fr\/?page_id=166"},"modified":"2022-10-11T10:51:43","modified_gmt":"2022-10-11T08:51:43","slug":"les-differentes-redevances","status":"publish","type":"page","link":"https:\/\/sictom-msq.fr\/index.php\/les-differentes-redevances\/","title":{"rendered":"Les diff\u00e9rentes redevances"},"content":{"rendered":"<p>Vous trouverez ici toutes les informations concernant les diff\u00e9rentes redevances existantes ou en train d&rsquo;\u00eatre d\u00e9ploy\u00e9s sur le territoire du SICTOM, \u00e0 savoir :<\/p>\n<ul>\n<li>La <a href=\"https:\/\/sictom-msq.fr\/index.php\/les-differentes-redevances\/redevance-municipale\/\">redevance municipale<\/a><\/li>\n<li>La <a href=\"https:\/\/sictom-msq.fr\/index.php\/redevance-pour-les-professionnels\/\">redevance sp\u00e9ciale<\/a> pour les professionnels<\/li>\n<li><\/li>\n<\/ul>\n<p><a href=\"https:\/\/sictom-msq.fr\/wp-content\/uploads\/2020\/11\/eco-circulaire-scaled.jpg\"><img loading=\"lazy\" decoding=\"async\" class=\"size-full wp-image-988\" src=\"https:\/\/sictom-msq.fr\/wp-content\/uploads\/2020\/11\/eco-circulaire-scaled.jpg\" alt=\"\" width=\"2560\" height=\"791\" srcset=\"https:\/\/sictom-msq.fr\/wp-content\/uploads\/2020\/11\/eco-circulaire-scaled.jpg 2560w, https:\/\/sictom-msq.fr\/wp-content\/uploads\/2020\/11\/eco-circulaire-300x93.jpg 300w, https:\/\/sictom-msq.fr\/wp-content\/uploads\/2020\/11\/eco-circulaire-1024x316.jpg 1024w, https:\/\/sictom-msq.fr\/wp-content\/uploads\/2020\/11\/eco-circulaire-768x237.jpg 768w, https:\/\/sictom-msq.fr\/wp-content\/uploads\/2020\/11\/eco-circulaire-1536x475.jpg 1536w, https:\/\/sictom-msq.fr\/wp-content\/uploads\/2020\/11\/eco-circulaire-2048x633.jpg 2048w, https:\/\/sictom-msq.fr\/wp-content\/uploads\/2020\/11\/eco-circulaire-604x187.jpg 604w\" sizes=\"(max-width: 2560px) 100vw, 2560px\" \/><\/a><\/p>\n<p><!-- \/wp:paragraph --><\/p>\n","protected":false},"excerpt":{"rendered":"<p>Vous trouverez ici toutes les informations concernant les diff\u00e9rentes redevances existantes ou en train d&rsquo;\u00eatre d\u00e9ploy\u00e9s sur le territoire du SICTOM, \u00e0 savoir : La redevance municipale La redevance sp\u00e9ciale pour les professionnels<\/p>\n","protected":false},"author":1,"featured_media":0,"parent":0,"menu_order":0,"comment_status":"closed","ping_status":"closed","template":"","meta":{"footnotes":""},"_links":{"self":[{"href":"https:\/\/sictom-msq.fr\/index.php\/wp-json\/wp\/v2\/pages\/166"}],"collection":[{"href":"https:\/\/sictom-msq.fr\/index.php\/wp-json\/wp\/v2\/pages"}],"about":[{"href":"https:\/\/sictom-msq.fr\/index.php\/wp-json\/wp\/v2\/types\/page"}],"author":[{"embeddable":true,"href":"https:\/\/sictom-msq.fr\/index.php\/wp-json\/wp\/v2\/users\/1"}],"replies":[{"embeddable":true,"href":"https:\/\/sictom-msq.fr\/index.php\/wp-json\/wp\/v2\/comments?post=166"}],"version-history":[{"count":28,"href":"https:\/\/sictom-msq.fr\/index.php\/wp-json\/wp\/v2\/pages\/166\/revisions"}],"predecessor-version":[{"id":1355,"href":"https:\/\/sictom-msq.fr\/index.php\/wp-json\/wp\/v2\/pages\/166\/revisions\/1355"}],"wp:attachment":[{"href":"https:\/\/sictom-msq.fr\/index.php\/wp-json\/wp\/v2\/media?parent=166"}],"curies":[{"name":"wp","href":"https:\/\/api.w.org\/{rel}","templated":true}]}}