{"id":7,"date":"2017-10-04T12:03:41","date_gmt":"2017-10-04T10:03:41","guid":{"rendered":"http:\/\/sictom-msq.fr\/?page_id=7"},"modified":"2026-02-09T13:54:41","modified_gmt":"2026-02-09T12:54:41","slug":"accueil","status":"publish","type":"page","link":"https:\/\/sictom-msq.fr\/","title":{"rendered":"Accueil"},"content":{"rendered":"\n<p class=\"has-text-align-center has-text-color\" style=\"color:#03a300;font-size:25px\"><strong>Bienvenue&nbsp;sur&nbsp;le site du SICTOM des Marches du Sud Quercy<\/strong><\/p>\n\n\n\n<p class=\"has-text-align-center has-text-color\" style=\"color:#03a300\"><strong>Votre service de collecte des ordures m\u00e9nag\u00e8res&nbsp;<\/strong><\/p>\n\n\n<div class=\"wp-block-image\">\n<figure class=\"alignleft\"><img decoding=\"async\" src=\"https:\/\/sictom-msq.fr\/wp-content\/uploads\/2021\/01\/image-sy-26.jpg\" alt=\"\" class=\"wp-image-1081\"\/><\/figure><\/div>\n\n\n<p>A travers les diverses rubriques et onglets, vous trouverez toutes les r\u00e9ponses \u00e0 vos questions concernant le service de collecte des d\u00e9chets.&nbsp;<\/p>\n\n\n\n<p>D\u00e9couvrez le dernier num\u00e9ro du magasine&nbsp;<strong>Synergies<\/strong>&nbsp;du SYDED intitul\u00e9&nbsp;<a rel=\"noreferrer noopener\" href=\"https:\/\/sictom-msq.fr\/wp-content\/uploads\/2021\/01\/synergies-26-objectif-0-dechet.pdf\" target=\"_blank\">\u00ab&nbsp;Objectif z\u00e9ro d\u00e9chet&nbsp;\u00bb<\/a>&nbsp;: chiffres, conseils et astuces au rendez-vous !<\/p>\n\n\n\n<p>Un doute sue le tri ? : Rendez-vous sur &lsquo;R\u00e9duire mes d\u00e9chets\u00a0\u00bb, rubrique \u00ab\u00a0Tri s\u00e9lectif\u00a0\u00bb !<br><\/p>\n\n\n\n<hr class=\"wp-block-separator has-css-opacity\"\/>\n\n\n\n<p><strong>&nbsp;<\/strong> <\/p>\n\n\n\n<p><\/p>\n\n\n\n<figure class=\"wp-block-gallery has-nested-images columns-default is-cropped wp-block-gallery-1 is-layout-flex wp-block-gallery-is-layout-flex\"><\/figure>\n\n\n\n<hr class=\"wp-block-separator has-css-opacity\"\/>\n\n\n\n<p><strong>Les horaires d\u2019ouverture des d\u00e9chetteries sur le territoire du SICTOM&nbsp;<\/strong><\/p>\n\n\n\n<figure class=\"wp-block-image size-full\"><img loading=\"lazy\" decoding=\"async\" width=\"896\" height=\"189\" src=\"https:\/\/sictom-msq.fr\/wp-content\/uploads\/2023\/11\/Horaires-Dechetteries-CCQB-CCPLL.png\" alt=\"\" class=\"wp-image-1431\" srcset=\"https:\/\/sictom-msq.fr\/wp-content\/uploads\/2023\/11\/Horaires-Dechetteries-CCQB-CCPLL.png 896w, https:\/\/sictom-msq.fr\/wp-content\/uploads\/2023\/11\/Horaires-Dechetteries-CCQB-CCPLL-300x63.png 300w, https:\/\/sictom-msq.fr\/wp-content\/uploads\/2023\/11\/Horaires-Dechetteries-CCQB-CCPLL-768x162.png 768w\" sizes=\"(max-width: 896px) 100vw, 896px\" \/><\/figure>\n\n\n\n<p><a href=\"https:\/\/sictom-msq.fr\/wp-content\/uploads\/2020\/10\/tableau-horaires-dechetteries-1.png\"><\/a><\/p>\n\n\n\n<figure class=\"wp-block-gallery has-nested-images columns-default is-cropped wp-block-gallery-2 is-layout-flex wp-block-gallery-is-layout-flex\">\n<figure class=\"wp-block-image size-large\"><img loading=\"lazy\" decoding=\"async\" width=\"724\" height=\"1024\" data-id=\"1566\" src=\"https:\/\/sictom-msq.fr\/wp-content\/uploads\/2026\/02\/Le-tri-cest-facile-724x1024.jpg\" alt=\"\" class=\"wp-image-1566\" srcset=\"https:\/\/sictom-msq.fr\/wp-content\/uploads\/2026\/02\/Le-tri-cest-facile-724x1024.jpg 724w, https:\/\/sictom-msq.fr\/wp-content\/uploads\/2026\/02\/Le-tri-cest-facile-212x300.jpg 212w, https:\/\/sictom-msq.fr\/wp-content\/uploads\/2026\/02\/Le-tri-cest-facile-768x1086.jpg 768w, https:\/\/sictom-msq.fr\/wp-content\/uploads\/2026\/02\/Le-tri-cest-facile-1086x1536.jpg 1086w, https:\/\/sictom-msq.fr\/wp-content\/uploads\/2026\/02\/Le-tri-cest-facile.jpg 1414w\" sizes=\"(max-width: 724px) 100vw, 724px\" \/><\/figure>\n<\/figure>\n\n\n\n<p>Guide des d\u00e9chets autoris\u00e9s en d\u00e9chetterie:&nbsp;<a href=\"https:\/\/sictom-msq.fr\/wp-content\/uploads\/2020\/10\/memo_dechetterie.pdf\">memo_dechetterie<\/a><\/p>\n\n\n\n<p>Pour en savoir plus sur les d\u00e9chetteries (particuliers ou professionnels) rendez-vous&nbsp;<a href=\"https:\/\/www.syded-lot.fr\/dechets\/bien-jeter\/ma-dechetterie\">ici<\/a>&nbsp;sur le site du&nbsp;<strong>SYDED du Lot<\/strong>&nbsp;qui s\u2019occupe de leur gestion.&nbsp;<\/p>\n\n\n\n<figure class=\"wp-block-gallery has-nested-images columns-default is-cropped wp-block-gallery-3 is-layout-flex wp-block-gallery-is-layout-flex\"><\/figure>\n\n\n\n<figure class=\"wp-block-gallery has-nested-images columns-default is-cropped wp-block-gallery-4 is-layout-flex wp-block-gallery-is-layout-flex\"><\/figure>\n\n\n\n<figure class=\"wp-block-gallery has-nested-images columns-default is-cropped wp-block-gallery-5 is-layout-flex wp-block-gallery-is-layout-flex\"><\/figure>\n\n\n\n<figure class=\"wp-block-gallery has-nested-images columns-default is-cropped wp-block-gallery-6 is-layout-flex wp-block-gallery-is-layout-flex\"><\/figure>\n\n\n\n<figure class=\"wp-block-gallery has-nested-images columns-default is-cropped wp-block-gallery-7 is-layout-flex wp-block-gallery-is-layout-flex\"><\/figure>\n\n\n","protected":false},"excerpt":{"rendered":"<p>Bienvenue&nbsp;sur&nbsp;le site du SICTOM des Marches du Sud Quercy Votre service de collecte des ordures m\u00e9nag\u00e8res&nbsp; A travers les diverses rubriques et onglets, vous trouverez toutes les r\u00e9ponses \u00e0 vos questions concernant le service de collecte des d\u00e9chets.&nbsp; D\u00e9couvrez le<\/p>\n","protected":false},"author":1,"featured_media":0,"parent":0,"menu_order":0,"comment_status":"closed","ping_status":"closed","template":"","meta":{"footnotes":""},"_links":{"self":[{"href":"https:\/\/sictom-msq.fr\/index.php\/wp-json\/wp\/v2\/pages\/7"}],"collection":[{"href":"https:\/\/sictom-msq.fr\/index.php\/wp-json\/wp\/v2\/pages"}],"about":[{"href":"https:\/\/sictom-msq.fr\/index.php\/wp-json\/wp\/v2\/types\/page"}],"author":[{"embeddable":true,"href":"https:\/\/sictom-msq.fr\/index.php\/wp-json\/wp\/v2\/users\/1"}],"replies":[{"embeddable":true,"href":"https:\/\/sictom-msq.fr\/index.php\/wp-json\/wp\/v2\/comments?post=7"}],"version-history":[{"count":99,"href":"https:\/\/sictom-msq.fr\/index.php\/wp-json\/wp\/v2\/pages\/7\/revisions"}],"predecessor-version":[{"id":1567,"href":"https:\/\/sictom-msq.fr\/index.php\/wp-json\/wp\/v2\/pages\/7\/revisions\/1567"}],"wp:attachment":[{"href":"https:\/\/sictom-msq.fr\/index.php\/wp-json\/wp\/v2\/media?parent=7"}],"curies":[{"name":"wp","href":"https:\/\/api.w.org\/{rel}","templated":true}]}}