{"id":819,"date":"2020-10-21T12:06:37","date_gmt":"2020-10-21T10:06:37","guid":{"rendered":"https:\/\/sictom-msq.fr\/?page_id=819"},"modified":"2021-01-27T15:02:05","modified_gmt":"2021-01-27T14:02:05","slug":"tri-selectif","status":"publish","type":"page","link":"https:\/\/sictom-msq.fr\/index.php\/reduire-mes-dechets\/tri-selectif\/","title":{"rendered":"Tri selectif"},"content":{"rendered":"<h3><strong><em><span style=\"color: #ff9900;\">Le saviez-vous ?<\/span><\/em><\/strong><\/h3>\n<p>Un <strong>Lotois<\/strong> trie pratiquement <strong>110 kg par an<\/strong> de d\u00e9chets recyclables. C\u2019est beaucoup plus que la moyenne nationale ! Ce petit geste quotidien a <strong>un r\u00e9el impact b\u00e9n\u00e9fique sur l\u2019environnement<\/strong>\u00a0: moins de mati\u00e8res premi\u00e8res ont \u00e9t\u00e9 utilis\u00e9es, des \u00e9conomies d\u2019eau et d\u2019\u00e9nergie ont \u00e9t\u00e9 r\u00e9alis\u00e9es et des rejets de gaz \u00e0 effet de serre ont pu \u00eatre \u00e9vit\u00e9s.<\/p>\n<p>Ci-dessous, retrouvez la liste de tous les <strong>emballages<\/strong> accept\u00e9s au <strong>recyclable<\/strong> :<\/p>\n<p><a href=\"https:\/\/sictom-msq.fr\/wp-content\/uploads\/2020\/10\/consigne-tri-photo.png\"><img loading=\"lazy\" decoding=\"async\" class=\"size-full wp-image-835 aligncenter\" src=\"https:\/\/sictom-msq.fr\/wp-content\/uploads\/2020\/10\/consigne-tri-photo.png\" alt=\"\" width=\"894\" height=\"636\" srcset=\"https:\/\/sictom-msq.fr\/wp-content\/uploads\/2020\/10\/consigne-tri-photo.png 894w, https:\/\/sictom-msq.fr\/wp-content\/uploads\/2020\/10\/consigne-tri-photo-300x213.png 300w, https:\/\/sictom-msq.fr\/wp-content\/uploads\/2020\/10\/consigne-tri-photo-768x546.png 768w, https:\/\/sictom-msq.fr\/wp-content\/uploads\/2020\/10\/consigne-tri-photo-380x270.png 380w\" sizes=\"(max-width: 894px) 100vw, 894px\" \/><\/a><\/p>\n<p><strong>RAPPEL :<\/strong><\/p>\n<ul>\n<li><span style=\"color: #ff0000;\"><strong>Inutile de laver les emballages<\/strong><\/span> : il suffit de bien les vider.<\/li>\n<li><span style=\"color: #ff0000;\"><strong>Ne pas emboiter les emballages entre eux<\/strong><\/span> (yaourt par exemple ou remplir votre boite de c\u00e9r\u00e9ale en carton d&rsquo;autres emballages) : cela fausse leur identification par les lecteurs optiques lors du tri. <b>D\u00e9posez les en vrac <\/b>dans votre caissette\/bac.<\/li>\n<li><strong><span style=\"color: #ff0000;\">Aplatir les gros cartons<\/span><\/strong> pour \u00e9viter l&rsquo;encombrement du bac.<\/li>\n<\/ul>\n<p><strong>En cas de doute<\/strong>, appelez le <strong>05.65.21.54.30<\/strong> le num\u00e9ro INFO TRI du Lot. Vous pouvez aussi utiliser le <strong>site internet ou l&rsquo;application smartphone \u00ab\u00a0Guide du tri\u00a0\u00bb<\/strong> ! Il vous suffira de renseigner le nom de l&#8217;emballage\/d\u00e9chet pour lequel vous avez un doute et votre code postal (les consignes de tri n&rsquo;\u00e9tant pas les m\u00eames partout en France).<\/p>\n<p>D\u00e9couvrez le magasine semestriel \u00ab\u00a0<em><strong>Synergie<\/strong><\/em>\u00a0\u00bb du SYDED du Lot :<\/p>\n<ul>\n<li><a href=\"https:\/\/sictom-msq.fr\/wp-content\/uploads\/2021\/01\/synergies-26-objectif-0-dechet.pdf\" target=\"_blank\" rel=\"noopener\">Synergies-26 &#8211; Objectif z\u00e9ro d\u00e9chet<\/a><\/li>\n<li><a href=\"https:\/\/sictom-msq.fr\/wp-content\/uploads\/2021\/01\/Synergies-25-Question-reponse.pdf\" target=\"_blank\" rel=\"noopener\">Synergies-25 &#8211; Sp\u00e9cial Questions\/R\u00e9ponses<\/a><\/li>\n<li><a href=\"https:\/\/sictom-msq.fr\/wp-content\/uploads\/2021\/01\/synergies-24-relais-envi-syded.pdf\" target=\"_blank\" rel=\"noopener\">Synergies-24 &#8211; R\u00e9f\u00e9rent environnement du SYDED<\/a><\/li>\n<li><a href=\"https:\/\/sictom-msq.fr\/wp-content\/uploads\/2021\/01\/synergies-23-le-tri-du-verre.pdf\" target=\"_blank\" rel=\"noopener\">Synergies-23 &#8211; Le tri du verre<\/a><\/li>\n<li><a href=\"https:\/\/sictom-msq.fr\/wp-content\/uploads\/2021\/01\/synergies-22-le-verre.pdf\" target=\"_blank\" rel=\"noopener\">Synergies-22 &#8211; Le verre se recycle \u00e0 l&rsquo;infini!<\/a><\/li>\n<li><a href=\"https:\/\/sictom-msq.fr\/wp-content\/uploads\/2021\/01\/synergies-21-special-ete.pdf\" target=\"_blank\" rel=\"noopener\">Synergies-21 &#8211; Sp\u00e9cial \u00e9t\u00e9 : en vacances je tri aussi !<\/a><\/li>\n<li><a href=\"https:\/\/sictom-msq.fr\/wp-content\/uploads\/2021\/01\/synergies-20-le-tri.pdf\" target=\"_blank\" rel=\"noopener\">Synergies-20 &#8211; Le tri : apr\u00e8s vous c&rsquo;est nous<\/a><\/li>\n<\/ul>\n<h3><strong><em><span style=\"color: #ff9900;\">Une d\u00e9marche simple pour r\u00e9duire ses d\u00e9chets\u2026 la r\u00e8gle des 5R<\/span><\/em><\/strong><\/h3>\n<p><a href=\"https:\/\/sictom-msq.fr\/wp-content\/uploads\/2020\/10\/cinq-r.png\"><img loading=\"lazy\" decoding=\"async\" class=\"size-full wp-image-833 aligncenter\" src=\"https:\/\/sictom-msq.fr\/wp-content\/uploads\/2020\/10\/cinq-r.png\" alt=\"\" width=\"850\" height=\"567\" srcset=\"https:\/\/sictom-msq.fr\/wp-content\/uploads\/2020\/10\/cinq-r.png 850w, https:\/\/sictom-msq.fr\/wp-content\/uploads\/2020\/10\/cinq-r-300x200.png 300w, https:\/\/sictom-msq.fr\/wp-content\/uploads\/2020\/10\/cinq-r-768x512.png 768w, https:\/\/sictom-msq.fr\/wp-content\/uploads\/2020\/10\/cinq-r-405x270.png 405w\" sizes=\"(max-width: 850px) 100vw, 850px\" \/><\/a><\/p>\n<p>\u2192 Pour aller encore plus loin t\u00e9l\u00e9chargez <a href=\"https:\/\/www.ademe.fr\/sites\/default\/files\/assets\/documents\/guide-pratique-que-faire-dechets.pdf\">ce guide<\/a> \u00ab\u00a0Que faire de ses d\u00e9chets ?\u00a0\u00bb de l&rsquo;ADEME<\/p>\n","protected":false},"excerpt":{"rendered":"<p>Le saviez-vous ? Un Lotois trie pratiquement 110 kg par an de d\u00e9chets recyclables. C\u2019est beaucoup plus que la moyenne nationale ! Ce petit geste quotidien a un r\u00e9el impact b\u00e9n\u00e9fique sur l\u2019environnement\u00a0: moins de mati\u00e8res premi\u00e8res ont \u00e9t\u00e9 utilis\u00e9es,<\/p>\n","protected":false},"author":1,"featured_media":0,"parent":102,"menu_order":0,"comment_status":"closed","ping_status":"closed","template":"","meta":{"footnotes":""},"_links":{"self":[{"href":"https:\/\/sictom-msq.fr\/index.php\/wp-json\/wp\/v2\/pages\/819"}],"collection":[{"href":"https:\/\/sictom-msq.fr\/index.php\/wp-json\/wp\/v2\/pages"}],"about":[{"href":"https:\/\/sictom-msq.fr\/index.php\/wp-json\/wp\/v2\/types\/page"}],"author":[{"embeddable":true,"href":"https:\/\/sictom-msq.fr\/index.php\/wp-json\/wp\/v2\/users\/1"}],"replies":[{"embeddable":true,"href":"https:\/\/sictom-msq.fr\/index.php\/wp-json\/wp\/v2\/comments?post=819"}],"version-history":[{"count":11,"href":"https:\/\/sictom-msq.fr\/index.php\/wp-json\/wp\/v2\/pages\/819\/revisions"}],"predecessor-version":[{"id":1084,"href":"https:\/\/sictom-msq.fr\/index.php\/wp-json\/wp\/v2\/pages\/819\/revisions\/1084"}],"up":[{"embeddable":true,"href":"https:\/\/sictom-msq.fr\/index.php\/wp-json\/wp\/v2\/pages\/102"}],"wp:attachment":[{"href":"https:\/\/sictom-msq.fr\/index.php\/wp-json\/wp\/v2\/media?parent=819"}],"curies":[{"name":"wp","href":"https:\/\/api.w.org\/{rel}","templated":true}]}}