{"id":95,"date":"2017-10-11T12:14:49","date_gmt":"2017-10-11T10:14:49","guid":{"rendered":"http:\/\/sictom-msq.fr\/?page_id=95"},"modified":"2021-03-01T16:46:58","modified_gmt":"2021-03-01T15:46:58","slug":"documents","status":"publish","type":"page","link":"https:\/\/sictom-msq.fr\/index.php\/documents\/","title":{"rendered":"Documents utiles"},"content":{"rendered":"<p>Pas envie de parcourir tout notre site ? Retrouvez ici tous les fichiers \u00e0 t\u00e9l\u00e9charger et \u00e0 imprimer qui vous seront utiles :<\/p>\n<ul>\n<li><strong><a href=\"https:\/\/sictom-msq.fr\/wp-content\/uploads\/2021\/03\/plaquette-info.pdf\">Plaquette information Redevance Pro <\/a>+<a href=\"https:\/\/sictom-msq.fr\/wp-content\/uploads\/2021\/03\/RS-Convention-2021.pdf\">Convention Redevance Pro 2021<\/a><\/strong> <a href=\"https:\/\/sictom-msq.fr\/wp-content\/uploads\/2017\/10\/logo_SICTOM.jpg\"><img loading=\"lazy\" decoding=\"async\" class=\"wp-image-13 alignright\" src=\"https:\/\/sictom-msq.fr\/wp-content\/uploads\/2017\/10\/logo_SICTOM.jpg\" alt=\"\" width=\"221\" height=\"154\" srcset=\"https:\/\/sictom-msq.fr\/wp-content\/uploads\/2017\/10\/logo_SICTOM.jpg 303w, https:\/\/sictom-msq.fr\/wp-content\/uploads\/2017\/10\/logo_SICTOM-300x209.jpg 300w\" sizes=\"(max-width: 221px) 100vw, 221px\" \/><\/a><\/li>\n<li><strong><a href=\"http:\/\/sictom-msq.fr\/wp-content\/uploads\/2017\/10\/guide-du-tri_web_0.pdf\" target=\"_blank\" rel=\"noopener noreferrer\">Guide du tri<\/a><\/strong> avec les nouvelles consignes de tri<\/li>\n<li><strong><a href=\"https:\/\/sictom-msq.fr\/wp-content\/uploads\/2020\/10\/Memo-Compostage.pdf\">Memo-Compostage<\/a> + <a href=\"https:\/\/sictom-msq.fr\/wp-content\/uploads\/2020\/10\/guide_du_compostage-ADEME.pdf\">Guide du compostage<\/a><\/strong><\/li>\n<li><strong><a href=\"https:\/\/sictom-msq.fr\/wp-content\/uploads\/2020\/10\/bon_commance_composteur_maj-1.pdf\">Bon commande composteur<\/a><\/strong><\/li>\n<li><strong><a href=\"https:\/\/sictom-msq.fr\/wp-content\/uploads\/2017\/12\/2017_GUIDE-DE-COLLECTE-SICTOM-VALIDE.pdf\">Guide de collecte<\/a><\/strong><\/li>\n<\/ul>\n<p>&nbsp;<\/p>\n<h3><strong><span style=\"color: #ff9900;\"><em>Dans la presse<\/em><\/span><\/strong><\/h3>\n<ul>\n<li><a href=\"https:\/\/www.ladepeche.fr\/2019\/01\/25\/dechets-les-enjeux-de-la-tarification-incitative,7974148.php\" target=\"_blank\" rel=\"noopener noreferrer\">Les enjeux de la tarification incitative<\/a><\/li>\n<li><a href=\"http:\/\/www.ladepeche.fr\/article\/2017\/04\/22\/2561063-tri-selectif-la-colere-du-president-du-sictom.html\" target=\"_blank\" rel=\"noopener noreferrer\">Tri s\u00e9lectif : la col\u00e8re du Pr\u00e9sident du Sictom<\/a><\/li>\n<li><a href=\"http:\/\/www.ladepeche.fr\/article\/2016\/04\/15\/2325920-andre-laporte-un-mauvais-tri-coute-cher.html\" target=\"_blank\" rel=\"noopener noreferrer\">Andr\u00e9 Laporte : \u00ab\u00a0Un mauvais tri co\u00fbte cher\u00a0\u00bb<\/a><\/li>\n<\/ul>\n<h3><span style=\"color: #ff9900;\"><em><strong>Rapports d&rsquo;activit\u00e9s et comptes rendus AG<\/strong><\/em><\/span><\/h3>\n<p>Retrouvez tous les rapports d&rsquo;activit\u00e9s annuels du SICTOM ainsi que les comptes rendus des assembl\u00e9es g\u00e9n\u00e9rales <strong><a href=\"https:\/\/sictom-msq.fr\/index.php\/documents\/rapports-dactivites\/\">ici.<\/a><\/strong><\/p>\n","protected":false},"excerpt":{"rendered":"<p>Pas envie de parcourir tout notre site ? Retrouvez ici tous les fichiers \u00e0 t\u00e9l\u00e9charger et \u00e0 imprimer qui vous seront utiles : Plaquette information Redevance Pro +Convention Redevance Pro 2021 Guide du tri avec les nouvelles consignes de tri<\/p>\n","protected":false},"author":1,"featured_media":0,"parent":0,"menu_order":0,"comment_status":"closed","ping_status":"closed","template":"","meta":{"footnotes":""},"_links":{"self":[{"href":"https:\/\/sictom-msq.fr\/index.php\/wp-json\/wp\/v2\/pages\/95"}],"collection":[{"href":"https:\/\/sictom-msq.fr\/index.php\/wp-json\/wp\/v2\/pages"}],"about":[{"href":"https:\/\/sictom-msq.fr\/index.php\/wp-json\/wp\/v2\/types\/page"}],"author":[{"embeddable":true,"href":"https:\/\/sictom-msq.fr\/index.php\/wp-json\/wp\/v2\/users\/1"}],"replies":[{"embeddable":true,"href":"https:\/\/sictom-msq.fr\/index.php\/wp-json\/wp\/v2\/comments?post=95"}],"version-history":[{"count":42,"href":"https:\/\/sictom-msq.fr\/index.php\/wp-json\/wp\/v2\/pages\/95\/revisions"}],"predecessor-version":[{"id":1096,"href":"https:\/\/sictom-msq.fr\/index.php\/wp-json\/wp\/v2\/pages\/95\/revisions\/1096"}],"wp:attachment":[{"href":"https:\/\/sictom-msq.fr\/index.php\/wp-json\/wp\/v2\/media?parent=95"}],"curies":[{"name":"wp","href":"https:\/\/api.w.org\/{rel}","templated":true}]}}